{"id":2,"date":"2015-03-24T21:14:48","date_gmt":"2015-03-24T21:14:48","guid":{"rendered":"http:\/\/smithmedical.hu\/?page_id=2"},"modified":"2026-04-29T08:39:07","modified_gmt":"2026-04-29T08:39:07","slug":"sample-page","status":"publish","type":"page","link":"https:\/\/smithmedical.hu\/?page_id=2","title":{"rendered":"Min\u0151s\u00edt\u00e9s"},"content":{"rendered":"\n<style type=\"text\/css\" data-created_by=\"avia_inline_auto\" id=\"style-css-av-h3w0-040d4b13ebbee98f05fa93fa524d69a5\">\n.avia-section.av-h3w0-040d4b13ebbee98f05fa93fa524d69a5{\nbackground-repeat:no-repeat;\nbackground-image:url(https:\/\/smithmedical.hu\/wp-content\/uploads\/2015\/05\/mini-DSC_04081-300x196.jpg);\nbackground-position:0% 0%;\nbackground-attachment:scroll;\n}\n<\/style>\n<div id='av_section_1'  class='avia-section av-h3w0-040d4b13ebbee98f05fa93fa524d69a5 main_color avia-section-default avia-no-shadow  avia-builder-el-0  avia-builder-el-no-sibling  avia-full-stretch avia-bg-style-scroll container_wrap sidebar_right'  data-section-bg-repeat='stretch'><div class='container av-section-cont-open' ><main  role=\"main\" itemprop=\"mainContentOfPage\"  class='template-page content  av-content-small alpha units'><div class='post-entry post-entry-type-page post-entry-2'><div class='entry-content-wrapper clearfix'>\n<div  class='flex_column av-ehjm-9c26b0286ca90fdd76380a4b097745c1 av_one_half  avia-builder-el-1  el_before_av_one_half  avia-builder-el-first  first flex_column_div  '     ><section  class='av_textblock_section av-b6b4-35055553a2216d4b789682abafd15c76 '   itemscope=\"itemscope\" itemtype=\"https:\/\/schema.org\/CreativeWork\" ><div class='avia_textblock'  itemprop=\"text\" ><p><strong>Min\u0151s\u00edt\u00e9s<\/strong><\/p>\n<p>A\u00a0<strong>Smith Medical<\/strong>\u00a0Orvosi Eszk\u00f6z\u00f6ket \u00e9s Implant\u00e1tumokat Gy\u00e1rt\u00f3 \u00e9s Forgalmaz\u00f3 Kereskedelmi Kft.\u00a0<strong>ISO 9001:2015<\/strong> szabv\u00e1ny szerinti min\u0151s\u00e9gir\u00e1ny\u00edt\u00e1si rendszert vezetett be, kit\u00fcntetett figyelmet ford\u00edtva arra, hogy bels\u0151 folyamatainak \u00e9s m\u0171k\u00f6d\u00e9s\u00e9nek szab\u00e1lyoz\u00e1s\u00e1val a megl\u00e9v\u0151 piacokat megtartva, el\u00e9gedett \u00fcgyfeleinek sz\u00e1m\u00e1t tov\u00e1bb gyarap\u00edtsa.<\/p>\n<\/div><\/section><\/div>\n<style type=\"text\/css\" data-created_by=\"avia_inline_auto\" id=\"style-css-av-91gq-fec709b6c469d58536337c55a117d5e0\">\n.flex_column.av-91gq-fec709b6c469d58536337c55a117d5e0{\nborder-radius:0px 0px 0px 0px;\npadding:0px 0px 0px 0px;\n}\n<\/style>\n<div  class='flex_column av-91gq-fec709b6c469d58536337c55a117d5e0 av_one_half  avia-builder-el-3  el_after_av_one_half  avia-builder-el-last  flex_column_div av-zero-column-padding  '     ><div  class='avia-content-slider-element-container av-74qk-e84cab938283cd84c680af30c04bfa27 avia-content-slider-element-slider avia-content-slider avia-smallarrow-slider avia-content-slider-active avia-content-slider-odd  avia-builder-el-4  avia-builder-el-no-sibling  av-slideshow-ui av-control-default av-nav-arrows-visible av-nav-dots-visible av-no-slider-navigation av-slideshow-autoplay av-loop-endless av-loop-manual-endless avia-content-slider1' data-slideshow-options=\"{&quot;animation&quot;:&quot;slide&quot;,&quot;autoplay&quot;:true,&quot;loop_autoplay&quot;:&quot;endless&quot;,&quot;interval&quot;:5,&quot;loop_manual&quot;:&quot;manual-endless&quot;,&quot;autoplay_stopper&quot;:false,&quot;noNavigation&quot;:false,&quot;bg_slider&quot;:false,&quot;keep_padding&quot;:&quot;&quot;,&quot;hoverpause&quot;:false,&quot;show_slide_delay&quot;:30}\"><div class='avia-smallarrow-slider-heading '><div class='new-special-heading'><h3 class=''>Oklev\u00e9l<\/h3><\/div><div class='avia-slideshow-arrows avia-slideshow-controls' ><a href='#prev' class='prev-slide ' aria-hidden='true' data-av_icon='\ue87c' data-av_iconfont='entypo-fontello'  tabindex='-1'>El\u0151z\u0151<\/a><a href='#next' class='next-slide ' aria-hidden='true' data-av_icon='\ue87d' data-av_iconfont='entypo-fontello'  tabindex='-1'>K\u00f6vetkez\u0151<\/a><\/div><\/div><div class=\"avia-content-slider-inner\"><div class=\"slide-entry-wrap\"><section class='slide-entry av-4m8i-18c7f107d948b3bbfdcfc90568178112 flex_column av_fullwidth post-entry slide-entry-overview slide-loop-1 slide-parity-odd  first'  itemscope=\"itemscope\" itemtype=\"https:\/\/schema.org\/CreativeWork\" ><h3 class='slide-entry-title entry-title '  itemprop=\"headline\" >Magyar<\/h3><div class='slide-entry-excerpt entry-content'  itemprop=\"text\" ><p><a href=\"http:\/\/smithmedical.hu\/wp-content\/uploads\/2026\/04\/tanusitvany_MIR_magyar_HU22390-26_2026-04-02.jpg\"><img loading=\"lazy\" decoding=\"async\" class=\"alignnone wp-image-1224 size-medium\" src=\"http:\/\/smithmedical.hu\/wp-content\/uploads\/2026\/04\/tanusitvany_MIR_magyar_HU22390-26_2026-04-02-212x300.jpg\" alt=\"\" width=\"212\" height=\"300\" srcset=\"https:\/\/smithmedical.hu\/wp-content\/uploads\/2026\/04\/tanusitvany_MIR_magyar_HU22390-26_2026-04-02-212x300.jpg 212w, https:\/\/smithmedical.hu\/wp-content\/uploads\/2026\/04\/tanusitvany_MIR_magyar_HU22390-26_2026-04-02-728x1030.jpg 728w, https:\/\/smithmedical.hu\/wp-content\/uploads\/2026\/04\/tanusitvany_MIR_magyar_HU22390-26_2026-04-02-768x1086.jpg 768w, https:\/\/smithmedical.hu\/wp-content\/uploads\/2026\/04\/tanusitvany_MIR_magyar_HU22390-26_2026-04-02-1086x1536.jpg 1086w, https:\/\/smithmedical.hu\/wp-content\/uploads\/2026\/04\/tanusitvany_MIR_magyar_HU22390-26_2026-04-02-1061x1500.jpg 1061w, https:\/\/smithmedical.hu\/wp-content\/uploads\/2026\/04\/tanusitvany_MIR_magyar_HU22390-26_2026-04-02-498x705.jpg 498w, https:\/\/smithmedical.hu\/wp-content\/uploads\/2026\/04\/tanusitvany_MIR_magyar_HU22390-26_2026-04-02.jpg 1190w\" sizes=\"auto, (max-width: 212px) 100vw, 212px\" \/><\/a><\/p>\n<\/div><\/section><\/div><div class=\"slide-entry-wrap\"><section class='slide-entry av-3a0y-f7c045f6c21a2151508c67db3d3e1b45 flex_column av_fullwidth post-entry slide-entry-overview slide-loop-2 slide-parity-odd  post-entry-last  first'  itemscope=\"itemscope\" itemtype=\"https:\/\/schema.org\/CreativeWork\" ><h3 class='slide-entry-title entry-title '  itemprop=\"headline\" >in English<\/h3><div class='slide-entry-excerpt entry-content'  itemprop=\"text\" ><p><a href=\"http:\/\/smithmedical.hu\/wp-content\/uploads\/2026\/04\/tanusitvany_MIR_angol_HU22390-26_2026-04-02.jpg\"><img loading=\"lazy\" decoding=\"async\" class=\"alignnone wp-image-1223 size-medium\" src=\"http:\/\/smithmedical.hu\/wp-content\/uploads\/2026\/04\/tanusitvany_MIR_angol_HU22390-26_2026-04-02-212x300.jpg\" alt=\"\" width=\"212\" height=\"300\" srcset=\"https:\/\/smithmedical.hu\/wp-content\/uploads\/2026\/04\/tanusitvany_MIR_angol_HU22390-26_2026-04-02-212x300.jpg 212w, https:\/\/smithmedical.hu\/wp-content\/uploads\/2026\/04\/tanusitvany_MIR_angol_HU22390-26_2026-04-02-728x1030.jpg 728w, https:\/\/smithmedical.hu\/wp-content\/uploads\/2026\/04\/tanusitvany_MIR_angol_HU22390-26_2026-04-02-768x1086.jpg 768w, https:\/\/smithmedical.hu\/wp-content\/uploads\/2026\/04\/tanusitvany_MIR_angol_HU22390-26_2026-04-02-1086x1536.jpg 1086w, https:\/\/smithmedical.hu\/wp-content\/uploads\/2026\/04\/tanusitvany_MIR_angol_HU22390-26_2026-04-02-1061x1500.jpg 1061w, https:\/\/smithmedical.hu\/wp-content\/uploads\/2026\/04\/tanusitvany_MIR_angol_HU22390-26_2026-04-02-498x705.jpg 498w, https:\/\/smithmedical.hu\/wp-content\/uploads\/2026\/04\/tanusitvany_MIR_angol_HU22390-26_2026-04-02.jpg 1190w\" sizes=\"auto, (max-width: 212px) 100vw, 212px\" \/><\/a><\/p>\n<\/div><\/section><\/div><\/div><\/div><\/div><\/div><\/div><\/main><!-- close content main element --><\/div><\/div><div id='after_section_1'  class='main_color av_default_container_wrap container_wrap sidebar_right'  ><div class='container av-section-cont-open' ><div class='template-page content  av-content-small alpha units'><div class='post-entry post-entry-type-page post-entry-2'><div class='entry-content-wrapper clearfix'>\n","protected":false},"excerpt":{"rendered":"","protected":false},"author":1,"featured_media":0,"parent":0,"menu_order":0,"comment_status":"open","ping_status":"open","template":"","meta":{"footnotes":""},"class_list":["post-2","page","type-page","status-publish","hentry"],"_links":{"self":[{"href":"https:\/\/smithmedical.hu\/index.php?rest_route=\/wp\/v2\/pages\/2","targetHints":{"allow":["GET"]}}],"collection":[{"href":"https:\/\/smithmedical.hu\/index.php?rest_route=\/wp\/v2\/pages"}],"about":[{"href":"https:\/\/smithmedical.hu\/index.php?rest_route=\/wp\/v2\/types\/page"}],"author":[{"embeddable":true,"href":"https:\/\/smithmedical.hu\/index.php?rest_route=\/wp\/v2\/users\/1"}],"replies":[{"embeddable":true,"href":"https:\/\/smithmedical.hu\/index.php?rest_route=%2Fwp%2Fv2%2Fcomments&post=2"}],"version-history":[{"count":27,"href":"https:\/\/smithmedical.hu\/index.php?rest_route=\/wp\/v2\/pages\/2\/revisions"}],"predecessor-version":[{"id":1225,"href":"https:\/\/smithmedical.hu\/index.php?rest_route=\/wp\/v2\/pages\/2\/revisions\/1225"}],"wp:attachment":[{"href":"https:\/\/smithmedical.hu\/index.php?rest_route=%2Fwp%2Fv2%2Fmedia&parent=2"}],"curies":[{"name":"wp","href":"https:\/\/api.w.org\/{rel}","templated":true}]}}