{"id":21,"date":"2015-04-28T10:01:39","date_gmt":"2015-04-28T10:01:39","guid":{"rendered":"http:\/\/smithmedical.hu\/?page_id=21"},"modified":"2019-12-09T12:26:49","modified_gmt":"2019-12-09T12:26:49","slug":"szolgaltatasok-2","status":"publish","type":"page","link":"https:\/\/smithmedical.hu\/?page_id=21","title":{"rendered":"Szolg\u00e1ltat\u00e1sok"},"content":{"rendered":"\n<style type=\"text\/css\" data-created_by=\"avia_inline_auto\" id=\"style-css-av-41o5h-ce1f78f9d1004920985926e9444111c7\">\n.avia-section.av-41o5h-ce1f78f9d1004920985926e9444111c7{\nbackground-repeat:no-repeat;\nbackground-image:url(https:\/\/smithmedical.hu\/wp-content\/uploads\/2015\/05\/mini-DSC_04081-300x196.jpg);\nbackground-position:0% 0%;\nbackground-attachment:scroll;\n}\n<\/style>\n<div id='av_section_1'  class='avia-section av-41o5h-ce1f78f9d1004920985926e9444111c7 main_color avia-section-default avia-no-shadow  avia-builder-el-0  avia-builder-el-no-sibling  avia-full-stretch avia-bg-style-scroll container_wrap sidebar_right'  data-section-bg-repeat='stretch'><div class='container av-section-cont-open' ><main  role=\"main\" itemprop=\"mainContentOfPage\"  class='template-page content  av-content-small alpha units'><div class='post-entry post-entry-type-page post-entry-21'><div class='entry-content-wrapper clearfix'>\n<div  class='flex_column av-3eckh-a5406a6373340e875fc92b2cf920feec av_one_half  avia-builder-el-1  el_before_av_one_half  avia-builder-el-first  first flex_column_div  '     ><section  class='av_textblock_section av-2rdbx-0dd7014d3ab9a9954b4cc7019579545b '   itemscope=\"itemscope\" itemtype=\"https:\/\/schema.org\/CreativeWork\" ><div class='avia_textblock'  itemprop=\"text\" ><p><strong>Min\u0151s\u00e9g<\/strong><\/p>\n<p>A Smith Medical Kft. legf\u0151bb c\u00e9lja, hogy a legjobb min\u0151s\u00e9get ny\u00fajtsa a piaci partnerei r\u00e9sz\u00e9re, ennek k\u00f6vetkezt\u00e9ben n\u00f6velje el\u00e9gedetts\u00e9g\u00fcket.<br \/>\nC\u00e9g\u00fcnk sokf\u00e9le anyaggal dolgozik, legink\u00e1bb rozsdamentes ac\u00e9l, alum\u00ednium, tit\u00e1n, r\u00e9z \u00e9s m\u0171anyag a jellemz\u0151.<br \/>\nEzen anyagokat eszterg\u00e1ljuk, egyetemes mar\u00f3g\u00e9pen marjuk, tov\u00e1bb\u00e1 megmunk\u00e1l\u00f3 k\u00f6zpontokon k\u00fcl\u00f6nb\u00f6z\u0151 profilmar\u00e1sokat \u00e9s helyzetf\u00far\u00e1sokat v\u00e9gz\u00fcnk sz\u00fcks\u00e9g szerint. Egyedi alkatr\u00e9szek gy\u00e1rt\u00e1s\u00e1ra is van lehet\u0151s\u00e9g, amennyiben a megrendel\u0151 arra tart ig\u00e9nyt.<\/p>\n<p>A term\u00e9kek darabsz\u00e1m\u00e1t\u00f3l f\u00fcggetlen\u00fcl v\u00e1llaljuk a megrendel\u00e9seket, melyek megmunk\u00e1l\u00e1sa versenyk\u00e9pes \u00e1ron t\u00f6rt\u00e9nik, \u00edgy kedvez\u0151 \u00e1raj\u00e1nlatot tudunk adni a k\u00edv\u00e1nt alkatr\u00e9szek gy\u00e1rt\u00e1s\u00e1ra.<\/p>\n<\/div><\/section><\/div><div  class='flex_column av-3eckh-0244203f83f2febefda282c887029ed1 av_one_half  avia-builder-el-3  el_after_av_one_half  el_before_av_one_half  flex_column_div  '     ><section  class='av_textblock_section av-2rdbx-628401e08f38fc9f379c2be5f4b52f11 '   itemscope=\"itemscope\" itemtype=\"https:\/\/schema.org\/CreativeWork\" ><div class='avia_textblock'  itemprop=\"text\" ><p><strong>Tervez\u00e9s<\/strong><\/p>\n<p>C\u00e9g\u00fcnk v\u00e1llal c\u00e9lg\u00e9p- vagy term\u00e9ktervez\u00e9st gy\u00e1rt\u00e1ssal egybe\u00fctemezve. Keressen minket bizalommal m\u00e1r az \u00f6tlet sz\u00fclet\u00e9s\u00e9t\u0151l kezdve \u00e9s megval\u00f3s\u00edtjuk terveit a sorozatgy\u00e1rt\u00e1shoz sz\u00fcks\u00e9ges m\u0171szaki dokument\u00e1ci\u00f3k elk\u00e9sz\u00edt\u00e9s\u00e9n \u00e1t a gy\u00e1rt\u00e1sig.<\/p>\n<\/div><\/section><\/div><div  class='flex_column av-3eckh-a5406a6373340e875fc92b2cf920feec av_one_half  avia-builder-el-5  el_after_av_one_half  el_before_av_one_half  first flex_column_div  column-top-margin'     ><section  class='av_textblock_section av-2rdbx-628401e08f38fc9f379c2be5f4b52f11 '   itemscope=\"itemscope\" itemtype=\"https:\/\/schema.org\/CreativeWork\" ><div class='avia_textblock'  itemprop=\"text\" ><p><strong>Gy\u00e1rt\u00e1s<\/strong><\/p>\n<p>G\u00e9pparkunkban sz\u00e1mos eszterga- \u00e9s mar\u00f3g\u00e9p \u00e1ll rendelkez\u00e9s\u00fcnkre a megrendel\u00e9sek miel\u0151bbi teljes\u00edt\u00e9se, \u00e9s a pontos munkafolyamatok elv\u00e9gz\u00e9se \u00e9rdek\u00e9ben. Munkat\u00e1rsaink mindent elk\u00f6vetnek annak \u00e9rdek\u00e9ben, hogy kifog\u00e1stalan m\u00f3don kiszolg\u00e1lhassuk vev\u0151inket.<\/p>\n<\/div><\/section><\/div><div  class='flex_column av-3eckh-0244203f83f2febefda282c887029ed1 av_one_half  avia-builder-el-7  el_after_av_one_half  el_before_av_one_half  flex_column_div  column-top-margin'     ><section  class='av_textblock_section av-2rdbx-628401e08f38fc9f379c2be5f4b52f11 '   itemscope=\"itemscope\" itemtype=\"https:\/\/schema.org\/CreativeWork\" ><div class='avia_textblock'  itemprop=\"text\" ><p><strong>H\u0151- \u00e9s fel\u00fcletkezel\u00e9s<\/strong><\/p>\n<p>A term\u00e9kek h\u0151- illetve fel\u00fcletkezel\u00e9s\u00e9t k\u00fcls\u0151 partnereinkkel egy\u00fcttm\u0171k\u00f6dve teljes\u00edtj\u00fck. Eddig az al\u00e1bbiakat vett\u00fck ig\u00e9nybe: h\u0151kezel\u00e9s, barn\u00edt\u00e1s, kr\u00f3moz\u00e1s, nitrid\u00e1l\u00e1s, elox\u00e1l\u00e1s. Amennyiben a megrendel\u0151nek egyedi ig\u00e9nye van, term\u00e9szetesen m\u00e1s is megoldhat\u00f3.<\/p>\n<\/div><\/section><\/div><div  class='flex_column av-1xqnx-9c130387f645f3a4bee10d2f41cfc6b8 av_one_half  avia-builder-el-9  el_after_av_one_half  el_before_av_one_half  first flex_column_div  column-top-margin'     ><\/div><div  class='flex_column av-1xqnx-6e0ed6641f3f6dec7c41857360d71df8 av_one_half  avia-builder-el-10  el_after_av_one_half  avia-builder-el-last  flex_column_div  column-top-margin'     ><\/div><\/div><\/div><\/main><!-- close content main element --><\/div><\/div><div id='after_section_1'  class='main_color av_default_container_wrap container_wrap sidebar_right'  ><div class='container av-section-cont-open' ><div class='template-page content  av-content-small alpha units'><div class='post-entry post-entry-type-page post-entry-21'><div class='entry-content-wrapper clearfix'>\n","protected":false},"excerpt":{"rendered":"","protected":false},"author":1,"featured_media":0,"parent":0,"menu_order":0,"comment_status":"open","ping_status":"open","template":"","meta":{"footnotes":""},"class_list":["post-21","page","type-page","status-publish","hentry"],"_links":{"self":[{"href":"https:\/\/smithmedical.hu\/index.php?rest_route=\/wp\/v2\/pages\/21","targetHints":{"allow":["GET"]}}],"collection":[{"href":"https:\/\/smithmedical.hu\/index.php?rest_route=\/wp\/v2\/pages"}],"about":[{"href":"https:\/\/smithmedical.hu\/index.php?rest_route=\/wp\/v2\/types\/page"}],"author":[{"embeddable":true,"href":"https:\/\/smithmedical.hu\/index.php?rest_route=\/wp\/v2\/users\/1"}],"replies":[{"embeddable":true,"href":"https:\/\/smithmedical.hu\/index.php?rest_route=%2Fwp%2Fv2%2Fcomments&post=21"}],"version-history":[{"count":24,"href":"https:\/\/smithmedical.hu\/index.php?rest_route=\/wp\/v2\/pages\/21\/revisions"}],"predecessor-version":[{"id":1116,"href":"https:\/\/smithmedical.hu\/index.php?rest_route=\/wp\/v2\/pages\/21\/revisions\/1116"}],"wp:attachment":[{"href":"https:\/\/smithmedical.hu\/index.php?rest_route=%2Fwp%2Fv2%2Fmedia&parent=21"}],"curies":[{"name":"wp","href":"https:\/\/api.w.org\/{rel}","templated":true}]}}