{"id":26,"date":"2015-04-28T10:03:05","date_gmt":"2015-04-28T10:03:05","guid":{"rendered":"http:\/\/smithmedical.hu\/?page_id=26"},"modified":"2019-12-10T07:47:58","modified_gmt":"2019-12-10T07:47:58","slug":"rolunk","status":"publish","type":"page","link":"https:\/\/smithmedical.hu\/?page_id=26","title":{"rendered":"Bemutatkoz\u00e1s"},"content":{"rendered":"\n<style type=\"text\/css\" data-created_by=\"avia_inline_auto\" id=\"style-css-av-1brxe-7ac208f5a62790a2a82b3efba912ebb6\">\n.avia-section.av-1brxe-7ac208f5a62790a2a82b3efba912ebb6{\nbackground-repeat:no-repeat;\nbackground-image:url(https:\/\/smithmedical.hu\/wp-content\/uploads\/2015\/05\/mini-DSC_04081-300x196.jpg);\nbackground-position:0% 0%;\nbackground-attachment:scroll;\n}\n<\/style>\n<div id='av_section_1'  class='avia-section av-1brxe-7ac208f5a62790a2a82b3efba912ebb6 main_color avia-section-default avia-no-shadow  avia-builder-el-0  avia-builder-el-no-sibling  avia-full-stretch avia-bg-style-scroll container_wrap sidebar_right'  data-section-bg-repeat='stretch'><div class='container av-section-cont-open' ><main  role=\"main\" itemprop=\"mainContentOfPage\"  class='template-page content  av-content-small alpha units'><div class='post-entry post-entry-type-page post-entry-26'><div class='entry-content-wrapper clearfix'>\n<section  class='av_textblock_section av-vvbi-88bd8f0caa163f0501ad24ffb81b7c3a '   itemscope=\"itemscope\" itemtype=\"https:\/\/schema.org\/CreativeWork\" ><div class='avia_textblock'  itemprop=\"text\" ><p>A\u00a0<b>Smith Medical Kft.\u00a0<\/b>2010-ben alakult. Alap\u00edt\u00f3ja Kov\u00e1cs J\u00f3zsef \u00fcgyvezet\u0151 igazgat\u00f3, aki\u00a0 v\u00e1llalkoz\u00e1s\u00e1nak beind\u00edt\u00e1s\u00e1val sz\u00e1mos \u00faj munkahely megteremt\u00e9s\u00e9nek adott lehet\u0151s\u00e9get.\u00a0 A t\u00e1rsas\u00e1g f\u0151 tev\u00e9kenys\u00e9gi k\u00f6re orvosi m\u0171szerek gy\u00e1rt\u00e1sa, f\u00e9mmegmunk\u00e1l\u00e1s, melyek kiv\u00e1l\u00f3 min\u0151s\u00e9gben t\u00f6rt\u00e9n\u0151 el\u0151\u00e1ll\u00edt\u00e1s\u00e1t modern g\u00e9pek, korszer\u0171 m\u0171szaki berendez\u00e9sek, \u00e9s tapasztalt szakember g\u00e1rda biztos\u00edtja.<\/p>\n<p>A Smith Medical Orvosi Eszk\u00f6z\u00f6ket \u00e9s Implant\u00e1tumokat Gy\u00e1rt\u00f3 \u00e9s Forgalmaz\u00f3 Kereskedelmi Kft.\u00a0<b>ISO 9001:2015<\/b> szabv\u00e1ny szerinti min\u0151s\u00e9gir\u00e1ny\u00edt\u00e1si rendszert vezetett be, kit\u00fcntetett figyelmet ford\u00edtva arra, hogy bels\u0151 folyamatainak \u00e9s m\u0171k\u00f6d\u00e9s\u00e9nek szab\u00e1lyoz\u00e1s\u00e1val a megl\u00e9v\u0151 piacokat megtartva, el\u00e9gedett \u00fcgyfeleinek sz\u00e1m\u00e1t tov\u00e1bb gyarap\u00edtsa.<\/p>\n<\/div><\/section>\n<section  class='av_textblock_section av-vvbi-88bd8f0caa163f0501ad24ffb81b7c3a '   itemscope=\"itemscope\" itemtype=\"https:\/\/schema.org\/CreativeWork\" ><div class='avia_textblock'  itemprop=\"text\" ><p><a href=\"http:\/\/smithmedical.hu\/wp-content\/uploads\/2019\/02\/IMG_8065.jpg\"><img loading=\"lazy\" decoding=\"async\" class=\"aligncenter wp-image-816 size-portfolio\" src=\"http:\/\/smithmedical.hu\/wp-content\/uploads\/2019\/02\/IMG_8065-495x400.jpg\" alt=\"\" width=\"495\" height=\"400\" srcset=\"https:\/\/smithmedical.hu\/wp-content\/uploads\/2019\/02\/IMG_8065-495x400.jpg 495w, https:\/\/smithmedical.hu\/wp-content\/uploads\/2019\/02\/IMG_8065-845x684.jpg 845w\" sizes=\"auto, (max-width: 495px) 100vw, 495px\" \/><\/a><\/p>\n<\/div><\/section>\n<\/div><\/div><\/main><!-- close content main element --><\/div><\/div><div id='after_section_1'  class='main_color av_default_container_wrap container_wrap sidebar_right'  ><div class='container av-section-cont-open' ><div class='template-page content  av-content-small alpha units'><div class='post-entry post-entry-type-page post-entry-26'><div class='entry-content-wrapper clearfix'>\n","protected":false},"excerpt":{"rendered":"","protected":false},"author":1,"featured_media":0,"parent":0,"menu_order":0,"comment_status":"open","ping_status":"open","template":"","meta":{"footnotes":""},"class_list":["post-26","page","type-page","status-publish","hentry"],"_links":{"self":[{"href":"https:\/\/smithmedical.hu\/index.php?rest_route=\/wp\/v2\/pages\/26","targetHints":{"allow":["GET"]}}],"collection":[{"href":"https:\/\/smithmedical.hu\/index.php?rest_route=\/wp\/v2\/pages"}],"about":[{"href":"https:\/\/smithmedical.hu\/index.php?rest_route=\/wp\/v2\/types\/page"}],"author":[{"embeddable":true,"href":"https:\/\/smithmedical.hu\/index.php?rest_route=\/wp\/v2\/users\/1"}],"replies":[{"embeddable":true,"href":"https:\/\/smithmedical.hu\/index.php?rest_route=%2Fwp%2Fv2%2Fcomments&post=26"}],"version-history":[{"count":30,"href":"https:\/\/smithmedical.hu\/index.php?rest_route=\/wp\/v2\/pages\/26\/revisions"}],"predecessor-version":[{"id":1185,"href":"https:\/\/smithmedical.hu\/index.php?rest_route=\/wp\/v2\/pages\/26\/revisions\/1185"}],"wp:attachment":[{"href":"https:\/\/smithmedical.hu\/index.php?rest_route=%2Fwp%2Fv2%2Fmedia&parent=26"}],"curies":[{"name":"wp","href":"https:\/\/api.w.org\/{rel}","templated":true}]}}