{"id":28,"date":"2015-04-28T10:03:20","date_gmt":"2015-04-28T10:03:20","guid":{"rendered":"http:\/\/smithmedical.hu\/?page_id=28"},"modified":"2026-04-29T08:51:40","modified_gmt":"2026-04-29T08:51:40","slug":"munkatarsak","status":"publish","type":"page","link":"https:\/\/smithmedical.hu\/?page_id=28","title":{"rendered":"Munkat\u00e1rsak"},"content":{"rendered":"<div id='av-layout-grid-1'  class='av-layout-grid-container av-8wtk4-d7133fe60874cd1cf9c0b71257ed43bc entry-content-wrapper main_color av-flex-cells  avia-builder-el-0  el_before_av_layout_row  avia-builder-el-first   container_wrap sidebar_right'  >\n\n<style type=\"text\/css\" data-created_by=\"avia_inline_auto\" id=\"style-css-av-7xlno-6f53b04ec02626b4e8ac9efca2cb1f71\">\n.flex_cell.av-7xlno-6f53b04ec02626b4e8ac9efca2cb1f71{\nvertical-align:top;\n}\n.responsive #top #wrap_all .flex_cell.av-7xlno-6f53b04ec02626b4e8ac9efca2cb1f71{\npadding:30px 30px 30px 30px !important;\n}\n<\/style>\n<div class='flex_cell av-7xlno-6f53b04ec02626b4e8ac9efca2cb1f71 av-gridrow-cell av_one_third no_margin  avia-builder-el-1  el_before_av_cell_one_third  avia-builder-el-first '  ><div class='flex_cell_inner'><\/div><\/div>\n<style type=\"text\/css\" data-created_by=\"avia_inline_auto\" id=\"style-css-av-7ak9c-0163821b9a1a8de10cff5297218e0060\">\n.flex_cell.av-7ak9c-0163821b9a1a8de10cff5297218e0060{\nvertical-align:top;\n}\n.responsive #top #wrap_all .flex_cell.av-7ak9c-0163821b9a1a8de10cff5297218e0060{\npadding:30px 30px 30px 30px !important;\n}\n<\/style>\n<div class='flex_cell av-7ak9c-0163821b9a1a8de10cff5297218e0060 av-gridrow-cell av_one_third no_margin  avia-builder-el-2  el_after_av_cell_one_third  el_before_av_cell_one_third '  ><div class='flex_cell_inner'><section  class='avia-team-member av-6wpyg-5145636558098270555c56943d07e25f  avia-builder-el-3  avia-builder-el-no-sibling '  itemscope=\"itemscope\" itemtype=\"https:\/\/schema.org\/Person\" ><div class=\"team-img-container\"><img fetchpriority=\"high\" class='wp-image-651 avia-img-lazy-loading-not-651 avia_image avia_image_team' src='https:\/\/smithmedical.hu\/wp-content\/uploads\/2015\/06\/jozsi_4.jpg' alt='Kov\u00e1cs J\u00f3zsef'  itemprop=\"image\"   height=\"850\" width=\"850\" \/><\/div><h3 class='team-member-name '  itemprop=\"name\" >Kov\u00e1cs J\u00f3zsef<\/h3><div class='team-member-job-title '  itemprop=\"jobTitle\" >\u00fcgyvezet\u0151 igazgat\u00f3<\/div><div class='team-member-description '  itemprop=\"description\" ><p>+36 30 395 75 68<\/p>\n<\/div><span class='hidden team-member-affiliation'  itemprop=\"affiliation\" >Smith Medical<\/span><\/section>\n<\/div><\/div>\n<style type=\"text\/css\" data-created_by=\"avia_inline_auto\" id=\"style-css-av-69oy0-29e1b146c9354836f0746c3b98f8db2a\">\n.flex_cell.av-69oy0-29e1b146c9354836f0746c3b98f8db2a{\nvertical-align:top;\n}\n.responsive #top #wrap_all .flex_cell.av-69oy0-29e1b146c9354836f0746c3b98f8db2a{\npadding:30px 30px 30px 30px !important;\n}\n<\/style>\n<div class='flex_cell av-69oy0-29e1b146c9354836f0746c3b98f8db2a av-gridrow-cell av_one_third no_margin  avia-builder-el-4  el_after_av_cell_one_third  avia-builder-el-last '  ><div class='flex_cell_inner'><\/div><\/div>\n<\/div>\n<div id='av-layout-grid-2'  class='av-layout-grid-container av-5ns4s-5ed9c3ee8a9c74724d517ee7dfafafc1 entry-content-wrapper main_color av-flex-cells  avia-builder-el-5  el_after_av_layout_row  avia-builder-el-last  grid-row-not-first  container_wrap sidebar_right'  >\n\n<style type=\"text\/css\" data-created_by=\"avia_inline_auto\" id=\"style-css-av-4u4rs-5cbf0a5d6eebf7f9f66245bd48681e47\">\n.flex_cell.av-4u4rs-5cbf0a5d6eebf7f9f66245bd48681e47{\nvertical-align:top;\n}\n.responsive #top #wrap_all .flex_cell.av-4u4rs-5cbf0a5d6eebf7f9f66245bd48681e47{\npadding:30px 30px 30px 30px !important;\n}\n<\/style>\n<div class='flex_cell av-4u4rs-5cbf0a5d6eebf7f9f66245bd48681e47 av-gridrow-cell av_one_fourth no_margin  avia-builder-el-6  el_before_av_cell_one_fourth  avia-builder-el-first '  ><div class='flex_cell_inner'><section  class='avia-team-member av-4nybg-f5eb1d6e0be932051ce7e8a5677c523a  avia-builder-el-7  avia-builder-el-no-sibling '  itemscope=\"itemscope\" itemtype=\"https:\/\/schema.org\/Person\" ><div class=\"team-img-container\"><img fetchpriority=\"high\" class='wp-image-606 avia-img-lazy-loading-not-606 avia_image avia_image_team' src='https:\/\/smithmedical.hu\/wp-content\/uploads\/2015\/05\/kinga_4-300x300.jpg' alt='Kov\u00e1cs Kinga                '  itemprop=\"image\"   height=\"300\" width=\"300\" \/><\/div><h3 class='team-member-name '  itemprop=\"name\" >Kov\u00e1cs Kinga                <\/h3><div class='team-member-job-title '  itemprop=\"jobTitle\" >gazdas\u00e1gi vezet\u0151<\/div><div class='team-member-description '  itemprop=\"description\" ><p>+36 36 786 462<\/p>\n<\/div><span class='hidden team-member-affiliation'  itemprop=\"affiliation\" >Smith Medical<\/span><\/section>\n<\/div><\/div>\n<style type=\"text\/css\" data-created_by=\"avia_inline_auto\" id=\"style-css-av-di20-1e6731be865b1e516a6bf7591bae7f47\">\n.flex_cell.av-di20-1e6731be865b1e516a6bf7591bae7f47{\nvertical-align:top;\n}\n.responsive #top #wrap_all .flex_cell.av-di20-1e6731be865b1e516a6bf7591bae7f47{\npadding:30px 30px 30px 30px !important;\n}\n<\/style>\n<div class='flex_cell av-di20-1e6731be865b1e516a6bf7591bae7f47 av-gridrow-cell av_one_fourth no_margin  avia-builder-el-8  el_after_av_cell_one_fourth  el_before_av_cell_one_fourth '  ><div class='flex_cell_inner'><section  class='avia-team-member av-3b680-f31526059b5ef4c4b999556e8abddaeb  avia-builder-el-9  avia-builder-el-no-sibling '  itemscope=\"itemscope\" itemtype=\"https:\/\/schema.org\/Person\" ><div class=\"team-img-container\"><img fetchpriority=\"high\" class='wp-image-608 avia-img-lazy-loading-not-608 avia_image avia_image_team' src='https:\/\/smithmedical.hu\/wp-content\/uploads\/2015\/05\/Csaba_4-300x300.jpg' alt='P\u00e1sztor Csaba'  itemprop=\"image\"   height=\"300\" width=\"300\" \/><\/div><h3 class='team-member-name '  itemprop=\"name\" >P\u00e1sztor Csaba<\/h3><div class='team-member-job-title '  itemprop=\"jobTitle\" >min\u0151s\u00e9gir\u00e1ny\u00edt\u00e1si tan\u00e1csad\u00f3<\/div><div class='team-member-description '  itemprop=\"description\" ><p>+36 36 786 462<\/p>\n<\/div><span class='hidden team-member-affiliation'  itemprop=\"affiliation\" >Smith Medical<\/span><\/section>\n<\/div><\/div>\n<style type=\"text\/css\" data-created_by=\"avia_inline_auto\" id=\"style-css-av-1a4z8-d15319ba7be3c20de4e7f67456f3fa4a\">\n.flex_cell.av-1a4z8-d15319ba7be3c20de4e7f67456f3fa4a{\nvertical-align:top;\n}\n.responsive #top #wrap_all .flex_cell.av-1a4z8-d15319ba7be3c20de4e7f67456f3fa4a{\npadding:30px 30px 30px 30px !important;\n}\n<\/style>\n<div class='flex_cell av-1a4z8-d15319ba7be3c20de4e7f67456f3fa4a av-gridrow-cell av_one_fourth no_margin  avia-builder-el-10  el_after_av_cell_one_fourth  el_before_av_cell_one_fourth '  ><div class='flex_cell_inner'><section  class='avia-team-member av-148xw-bbcf0383f749760937766ab85364bacf  avia-builder-el-11  avia-builder-el-no-sibling '  itemscope=\"itemscope\" itemtype=\"https:\/\/schema.org\/Person\" ><div class=\"team-img-container\"><img fetchpriority=\"high\" class='wp-image-1228 avia-img-lazy-loading-not-1228 avia_image avia_image_team' src='https:\/\/smithmedical.hu\/wp-content\/uploads\/2026\/04\/pentart-fenyes-akrilfestek-szurke-hobbykreativ-300x300.jpg' alt='Kov\u00e1cs G\u00e1bor'  itemprop=\"image\"   height=\"300\" width=\"300\" \/><div class=\"team-social\"><div class=\"team-social-inner\"><span class='hidden av_member_url_markup '  itemprop=\"url\" >https:\/\/<\/span><a href='https:\/\/' class='avia-team-icon av-v5h0-fa3ad3bcff0671d48ab6b22a566df3e3' rel='v:url' data-avia-tooltip=\"Social Icon Hover Text\"  aria-hidden='true' data-av_icon='' data-av_iconfont='entypo-fontello'><\/a><\/div><\/div><\/div><h3 class='team-member-name '  itemprop=\"name\" >Kov\u00e1cs G\u00e1bor<\/h3><div class='team-member-job-title '  itemprop=\"jobTitle\" >Min\u0151s\u00e9gbiztos\u00edt\u00e1si technikus<\/div><span class='hidden team-member-affiliation'  itemprop=\"affiliation\" >Smith Medical<\/span><\/section>\n<\/div><\/div>\n<style type=\"text\/css\" data-created_by=\"avia_inline_auto\" id=\"style-css-av-av_cell_one_fourth-6abbf05c193589bcf759ced6be41d5a0\">\n.flex_cell.av-av_cell_one_fourth-6abbf05c193589bcf759ced6be41d5a0{\nvertical-align:top;\n}\n.responsive #top #wrap_all .flex_cell.av-av_cell_one_fourth-6abbf05c193589bcf759ced6be41d5a0{\npadding:30px 30px 30px 30px !important;\n}\n<\/style>\n<div class='flex_cell av-av_cell_one_fourth-6abbf05c193589bcf759ced6be41d5a0 av-gridrow-cell av_one_fourth no_margin  avia-builder-el-12  el_after_av_cell_one_fourth  avia-builder-el-last '  ><div class='flex_cell_inner'><section  class='avia-team-member av-mojtfw87-f37a3c738ebd74349c38c245e57ea58f  avia-builder-el-13  avia-builder-el-no-sibling '  itemscope=\"itemscope\" itemtype=\"https:\/\/schema.org\/Person\" ><span class='hidden team-member-affiliation'  itemprop=\"affiliation\" >Smith Medical<\/span><\/section>\n<\/div><\/div><\/div>\n","protected":false},"excerpt":{"rendered":"","protected":false},"author":1,"featured_media":0,"parent":0,"menu_order":0,"comment_status":"open","ping_status":"open","template":"","meta":{"footnotes":""},"class_list":["post-28","page","type-page","status-publish","hentry"],"_links":{"self":[{"href":"https:\/\/smithmedical.hu\/index.php?rest_route=\/wp\/v2\/pages\/28","targetHints":{"allow":["GET"]}}],"collection":[{"href":"https:\/\/smithmedical.hu\/index.php?rest_route=\/wp\/v2\/pages"}],"about":[{"href":"https:\/\/smithmedical.hu\/index.php?rest_route=\/wp\/v2\/types\/page"}],"author":[{"embeddable":true,"href":"https:\/\/smithmedical.hu\/index.php?rest_route=\/wp\/v2\/users\/1"}],"replies":[{"embeddable":true,"href":"https:\/\/smithmedical.hu\/index.php?rest_route=%2Fwp%2Fv2%2Fcomments&post=28"}],"version-history":[{"count":48,"href":"https:\/\/smithmedical.hu\/index.php?rest_route=\/wp\/v2\/pages\/28\/revisions"}],"predecessor-version":[{"id":1230,"href":"https:\/\/smithmedical.hu\/index.php?rest_route=\/wp\/v2\/pages\/28\/revisions\/1230"}],"wp:attachment":[{"href":"https:\/\/smithmedical.hu\/index.php?rest_route=%2Fwp%2Fv2%2Fmedia&parent=28"}],"curies":[{"name":"wp","href":"https:\/\/api.w.org\/{rel}","templated":true}]}}