{"id":32,"date":"2015-04-28T10:04:12","date_gmt":"2015-04-28T10:04:12","guid":{"rendered":"http:\/\/smithmedical.hu\/?page_id=32"},"modified":"2019-02-06T08:53:01","modified_gmt":"2019-02-06T08:53:01","slug":"elerhetosegek","status":"publish","type":"page","link":"https:\/\/smithmedical.hu\/?page_id=32","title":{"rendered":"El\u00e9rhet\u0151s\u00e9gek"},"content":{"rendered":"\n<style type=\"text\/css\" data-created_by=\"avia_inline_auto\" id=\"style-css-av-7tdt4-5bfd3458793ecce14755ccdcd4204d57\">\n.avia-section.av-7tdt4-5bfd3458793ecce14755ccdcd4204d57{\nbackground-repeat:no-repeat;\nbackground-image:url(https:\/\/smithmedical.hu\/wp-content\/uploads\/2015\/05\/mini-DSC_04081-300x196.jpg);\nbackground-position:0% 0%;\nbackground-attachment:scroll;\n}\n<\/style>\n<div id='av_section_1'  class='avia-section av-7tdt4-5bfd3458793ecce14755ccdcd4204d57 main_color avia-section-default avia-no-shadow  avia-builder-el-0  avia-builder-el-no-sibling  avia-full-stretch avia-bg-style-scroll container_wrap sidebar_right'  data-section-bg-repeat='stretch'><div class='container av-section-cont-open' ><main  role=\"main\" itemprop=\"mainContentOfPage\"  class='template-page content  av-content-small alpha units'><div class='post-entry post-entry-type-page post-entry-32'><div class='entry-content-wrapper clearfix'>\n<div  class='flex_column av-7e218-e087e393a589b47acdc9f2b57a297e7e av_one_half  avia-builder-el-1  el_before_av_one_half  avia-builder-el-first  first flex_column_div  '     ><style type=\"text\/css\" data-created_by=\"avia_inline_auto\" id=\"style-css-av-730w0-e56ab6d420e7a752ddc040ca1e419027\">\n#top .av_textblock_section.av-730w0-e56ab6d420e7a752ddc040ca1e419027 .avia_textblock{\ncolor:#000000;\n}\n<\/style>\n<section  class='av_textblock_section av-730w0-e56ab6d420e7a752ddc040ca1e419027 '   itemscope=\"itemscope\" itemtype=\"https:\/\/schema.org\/CreativeWork\" ><div class='avia_textblock av_inherit_color'  itemprop=\"text\" ><h2>Smith Medical<\/h2>\n<p>Orvosi Eszk\u00f6z\u00f6ket \u00e9s Implant\u00e1tumokat Gy\u00e1rt\u00f3 \u00e9s Forgalmaz\u00f3 Kereskedelmi Kft.<\/p>\n<\/div><\/section><br \/>\n<div  class='hr av-2b1s-ee118780353ae724a5580e3b71981976 hr-default  avia-builder-el-3  el_after_av_textblock  el_before_av_icon_box '><span class='hr-inner '><span class=\"hr-inner-style\"><\/span><\/span><\/div><br \/>\n\n<style type=\"text\/css\" data-created_by=\"avia_inline_auto\" id=\"style-css-av-5vgog-532dd881b7d76098c6f2dfc5c6c653af\">\n.iconbox.av-5vgog-532dd881b7d76098c6f2dfc5c6c653af .iconbox_icon{\nbackground-color:#b02b2c;\ncolor:#ffffff;\n}\n<\/style>\n<article  class='iconbox iconbox_left av-5vgog-532dd881b7d76098c6f2dfc5c6c653af  avia-builder-el-4  el_after_av_hr  el_before_av_icon_box '  itemscope=\"itemscope\" itemtype=\"https:\/\/schema.org\/CreativeWork\" ><div class=\"iconbox_content\"><header class=\"entry-content-header\"><div class=\"iconbox_icon heading-color\" aria-hidden='true' data-av_icon='\ue842' data-av_iconfont='entypo-fontello'><\/div><h3 class='iconbox_content_title '  itemprop=\"headline\" >Telephely<\/h3><\/header><div class='iconbox_content_container '  itemprop=\"text\" ><p>3300 Eger, V\u00e9cseyv\u00f6lgy utca 90.<\/p>\n<\/div><\/div><footer class=\"entry-footer\"><\/footer><\/article><br \/>\n\n<style type=\"text\/css\" data-created_by=\"avia_inline_auto\" id=\"style-css-av-51eck-5ba4d018fca33a635f0d41168b3d5a2d\">\n.iconbox.av-51eck-5ba4d018fca33a635f0d41168b3d5a2d .iconbox_icon{\nbackground-color:#b02b2c;\ncolor:#ffffff;\n}\n<\/style>\n<article  class='iconbox iconbox_left av-51eck-5ba4d018fca33a635f0d41168b3d5a2d  avia-builder-el-5  el_after_av_icon_box  el_before_av_icon_box '  itemscope=\"itemscope\" itemtype=\"https:\/\/schema.org\/CreativeWork\" ><div class=\"iconbox_content\"><header class=\"entry-content-header\"><div class=\"iconbox_icon heading-color\" aria-hidden='true' data-av_icon='' data-av_iconfont='entypo-fontello'><\/div><h3 class='iconbox_content_title '  itemprop=\"headline\" >Telefon<\/h3><\/header><div class='iconbox_content_container '  itemprop=\"text\" ><p>+36 36 786 462<\/p>\n<\/div><\/div><footer class=\"entry-footer\"><\/footer><\/article><br \/>\n\n<style type=\"text\/css\" data-created_by=\"avia_inline_auto\" id=\"style-css-av-3pf40-f8567bbcce235b6ce2b2a166be6d8a89\">\n.iconbox.av-3pf40-f8567bbcce235b6ce2b2a166be6d8a89 .iconbox_icon{\nbackground-color:#b02b2c;\ncolor:#ffffff;\n}\n<\/style>\n<article  class='iconbox iconbox_left av-3pf40-f8567bbcce235b6ce2b2a166be6d8a89  avia-builder-el-6  el_after_av_icon_box  avia-builder-el-last '  itemscope=\"itemscope\" itemtype=\"https:\/\/schema.org\/CreativeWork\" ><div class=\"iconbox_content\"><header class=\"entry-content-header\"><div class=\"iconbox_icon heading-color\" aria-hidden='true' data-av_icon='\ue844' data-av_iconfont='entypo-fontello'><\/div><h3 class='iconbox_content_title '  itemprop=\"headline\" >E-mail<\/h3><\/header><div class='iconbox_content_container '  itemprop=\"text\" ><p>info(a)smithmedical.hu<\/p>\n<\/div><\/div><footer class=\"entry-footer\"><\/footer><\/article><\/p><\/div><div  class='flex_column av-374p8-37b795015175260271b890c5fd17f3ff av_one_half  avia-builder-el-7  el_after_av_one_half  avia-builder-el-last  flex_column_div  '     ><p>\n<style type=\"text\/css\" data-created_by=\"avia_inline_auto\" id=\"style-css-av-2wz44-068e2c41ffe9ca1ca88d929c99e4080f\">\n.avia-image-container.av-2wz44-068e2c41ffe9ca1ca88d929c99e4080f img.avia_image{\nbox-shadow:none;\n}\n.avia-image-container.av-2wz44-068e2c41ffe9ca1ca88d929c99e4080f .av-image-caption-overlay-center{\ncolor:#ffffff;\n}\n<\/style>\n<div  class='avia-image-container av-2wz44-068e2c41ffe9ca1ca88d929c99e4080f av-styling- avia-align-center  avia-builder-el-8  el_before_av_textblock  avia-builder-el-first '   itemprop=\"image\" itemscope=\"itemscope\" itemtype=\"https:\/\/schema.org\/ImageObject\" ><div class=\"avia-image-container-inner\"><div class=\"avia-image-overlay-wrap\"><img fetchpriority=\"high\" class='wp-image-82 avia-img-lazy-loading-not-82 avia_image ' src='https:\/\/smithmedical.hu\/wp-content\/uploads\/2015\/04\/epulet1.jpg' alt='' title='epulet'  height=\"566\" width=\"1024\"  itemprop=\"thumbnailUrl\"  \/><\/div><\/div><\/div><br \/>\n\n<style type=\"text\/css\" data-created_by=\"avia_inline_auto\" id=\"style-css-av-20kiw-14cac432dfde7163c75e42947c2d6e7d\">\n#top .av_textblock_section.av-20kiw-14cac432dfde7163c75e42947c2d6e7d .avia_textblock{\nfont-size:12px;\n}\n<\/style>\n<section  class='av_textblock_section av-20kiw-14cac432dfde7163c75e42947c2d6e7d '   itemscope=\"itemscope\" itemtype=\"https:\/\/schema.org\/CreativeWork\" ><div class='avia_textblock'  itemprop=\"text\" ><p><strong>3300 Eger, V\u00e9cseyv\u00f6lgy utca 90.<br \/>\n<\/strong><\/p>\n<\/div><\/section><br \/>\n<div  class='av_gmaps_sc_main_wrap av_gmaps_main_wrap '><div id='av_gmap_0' class='avia-google-map-container avia-google-map-sc av_gmaps_show_unconditionally av-no-fallback-img ' data-mapid='av_gmap_0'  style='height: 300px;'><a class=\"av_gmaps_browser_disabled av_text_confirm_link av_text_confirm_link_visible\" href=\"https:\/\/www.google.com\/maps\/search\/?api=1&#038;query=Sz\u00fcret%20u.%204.%20%20Fels\u0151t\u00e1rk\u00e1ny%20%20Hungary\" target=\"_blank\" rel=\"noopener\">Maps were disabled by the visitor on this site. Click to open the map in a new window.<\/a><\/div><\/div><\/p><\/div><\/div><\/div><\/main><!-- close content main element --><\/div><\/div><div id='after_section_1'  class='main_color av_default_container_wrap container_wrap sidebar_right'  ><div class='container av-section-cont-open' ><div class='template-page content  av-content-small alpha units'><div class='post-entry post-entry-type-page post-entry-32'><div class='entry-content-wrapper clearfix'>\n","protected":false},"excerpt":{"rendered":"","protected":false},"author":1,"featured_media":0,"parent":0,"menu_order":0,"comment_status":"open","ping_status":"open","template":"","meta":{"footnotes":""},"class_list":["post-32","page","type-page","status-publish","hentry"],"_links":{"self":[{"href":"https:\/\/smithmedical.hu\/index.php?rest_route=\/wp\/v2\/pages\/32","targetHints":{"allow":["GET"]}}],"collection":[{"href":"https:\/\/smithmedical.hu\/index.php?rest_route=\/wp\/v2\/pages"}],"about":[{"href":"https:\/\/smithmedical.hu\/index.php?rest_route=\/wp\/v2\/types\/page"}],"author":[{"embeddable":true,"href":"https:\/\/smithmedical.hu\/index.php?rest_route=\/wp\/v2\/users\/1"}],"replies":[{"embeddable":true,"href":"https:\/\/smithmedical.hu\/index.php?rest_route=%2Fwp%2Fv2%2Fcomments&post=32"}],"version-history":[{"count":29,"href":"https:\/\/smithmedical.hu\/index.php?rest_route=\/wp\/v2\/pages\/32\/revisions"}],"predecessor-version":[{"id":1092,"href":"https:\/\/smithmedical.hu\/index.php?rest_route=\/wp\/v2\/pages\/32\/revisions\/1092"}],"wp:attachment":[{"href":"https:\/\/smithmedical.hu\/index.php?rest_route=%2Fwp%2Fv2%2Fmedia&parent=32"}],"curies":[{"name":"wp","href":"https:\/\/api.w.org\/{rel}","templated":true}]}}