{"id":9,"date":"2015-03-24T21:39:28","date_gmt":"2015-03-24T21:39:28","guid":{"rendered":"http:\/\/smithmedical.hu\/?page_id=9"},"modified":"2019-12-10T08:31:25","modified_gmt":"2019-12-10T08:31:25","slug":"home","status":"publish","type":"page","link":"https:\/\/smithmedical.hu\/","title":{"rendered":"Home"},"content":{"rendered":"<div id='full_slider_1'  class='avia-fullwidth-slider main_color avia-shadow   avia-builder-el-0  el_before_av_one_half  avia-builder-el-first   container_wrap sidebar_right'  ><div  class='avia-slideshow av-n727-907c256586ce8c04d16de94e9f65c80e avia-slideshow-featured av_slideshow_full avia-slide-slider av-slideshow-ui av-control-default av-slideshow-manual av-loop-once av-loop-manual-endless av-default-height-applied   avia-slideshow-1' data-slideshow-options=\"{&quot;animation&quot;:&quot;slide&quot;,&quot;autoplay&quot;:false,&quot;loop_autoplay&quot;:&quot;once&quot;,&quot;interval&quot;:5,&quot;loop_manual&quot;:&quot;manual-endless&quot;,&quot;autoplay_stopper&quot;:false,&quot;noNavigation&quot;:false,&quot;bg_slider&quot;:false,&quot;keep_padding&quot;:false,&quot;hoverpause&quot;:false,&quot;show_slide_delay&quot;:0}\"  itemprop=\"image\" itemscope=\"itemscope\" itemtype=\"https:\/\/schema.org\/ImageObject\" ><ul class='avia-slideshow-inner ' style='padding-bottom: 28.6666666667%;'><li  class='avia-slideshow-slide av-n727-907c256586ce8c04d16de94e9f65c80e__0  slide-1 slide-odd'><div data-rel='slideshow-1' class='avia-slide-wrap '   ><img fetchpriority=\"high\" class=\"wp-image-75 avia-img-lazy-loading-not-75\"  src='https:\/\/smithmedical.hu\/wp-content\/uploads\/2015\/03\/slider2.jpg' width='1500' height='430' title='' alt=''  itemprop=\"thumbnailUrl\"   \/><\/div><\/li><li  class='avia-slideshow-slide av-n727-907c256586ce8c04d16de94e9f65c80e__1  slide-2 slide-even'><div data-rel='slideshow-1' class='avia-slide-wrap '   ><img fetchpriority=\"high\" class=\"wp-image-71 avia-img-lazy-loading-not-71\"  src='https:\/\/smithmedical.hu\/wp-content\/uploads\/2015\/03\/slider_01.jpg' width='1500' height='430' title='' alt=''  itemprop=\"thumbnailUrl\"   \/><\/div><\/li><\/ul><div class='avia-slideshow-arrows avia-slideshow-controls' ><a href='#prev' class='prev-slide ' aria-hidden='true' data-av_icon='\ue87c' data-av_iconfont='entypo-fontello'  tabindex='-1'>El\u0151z\u0151<\/a><a href='#next' class='next-slide ' aria-hidden='true' data-av_icon='\ue87d' data-av_iconfont='entypo-fontello'  tabindex='-1'>K\u00f6vetkez\u0151<\/a><\/div><div class='avia-slideshow-dots avia-slideshow-controls'><a href='#1' class='goto-slide active' >1<\/a><a href='#2' class='goto-slide ' >2<\/a><\/div><\/div><\/div><div id='after_full_slider_1'  class='main_color av_default_container_wrap container_wrap sidebar_right'  ><div class='container av-section-cont-open' ><div class='template-page content  av-content-small alpha units'><div class='post-entry post-entry-type-page post-entry-9'><div class='entry-content-wrapper clearfix'>\n\n<style type=\"text\/css\" data-created_by=\"avia_inline_auto\" id=\"style-css-av-4ig1-524b7722dc4644deb3a7143958f5a5f9\">\n.flex_column.av-4ig1-524b7722dc4644deb3a7143958f5a5f9{\nborder-radius:0px 0px 0px 0px;\npadding:0px 0px 0px 0px;\n}\n<\/style>\n<div  class='flex_column av-4ig1-524b7722dc4644deb3a7143958f5a5f9 av_one_half  avia-builder-el-1  el_after_av_slideshow_full  el_before_av_one_half  avia-builder-el-first  first flex_column_div av-zero-column-padding  '     ><p>\n<style type=\"text\/css\" data-created_by=\"avia_inline_auto\" id=\"style-css-av-aek5-98af69fa2dfecf577b4b97badf097f92\">\n.avia-image-container.av-aek5-98af69fa2dfecf577b4b97badf097f92 img.avia_image{\nbox-shadow:none;\n}\n.avia-image-container.av-aek5-98af69fa2dfecf577b4b97badf097f92 .av-image-caption-overlay-center{\ncolor:#ffffff;\n}\n<\/style>\n<div  class='avia-image-container av-aek5-98af69fa2dfecf577b4b97badf097f92 av-styling- avia-align-center  avia-builder-el-2  el_before_av_textblock  avia-builder-el-first '   itemprop=\"image\" itemscope=\"itemscope\" itemtype=\"https:\/\/schema.org\/ImageObject\" ><div class=\"avia-image-container-inner\"><div class=\"avia-image-overlay-wrap\"><img fetchpriority=\"high\" class='wp-image-712 avia-img-lazy-loading-not-712 avia_image ' src='https:\/\/smithmedical.hu\/wp-content\/uploads\/2018\/01\/2020.png' alt='' title='2020'  height=\"176\" width=\"255\"  itemprop=\"thumbnailUrl\"  \/><\/div><\/div><\/div><br \/>\n<section  class='av_textblock_section av-d31r-cc33f7a03bf61e148f3d3f90a3484e37 '   itemscope=\"itemscope\" itemtype=\"https:\/\/schema.org\/CreativeWork\" ><div class='avia_textblock'  itemprop=\"text\" ><p><b> <\/b><b>A Sz\u00e9chenyi 2020 Gazdas\u00e1gfejleszt\u00e9si \u00e9s Innov\u00e1ci\u00f3s Operat\u00edv Program t\u00e1mogat\u00e1si rendszer\u00e9hez beny\u00fajtott:<\/b><\/p>\n<p><b>&#8222;Eszk\u00f6zbeszerz\u00e9s a Smith Medical Kft-n\u00e9l. &#8222;<br \/>\n<\/b>(3324 Fels\u0151t\u00e1rk\u00e1ny, Liget utca 8.)<\/p>\n<p>c\u00edm\u0171<br \/>\n<b>GINOP-2.1.8-17-2017-01081 jel\u0171 p\u00e1ly\u00e1zat<br \/>\n<\/b>a<br \/>\n<b>T\u00e1mogat\u00f3<\/b><br \/>\nd\u00f6nt\u00e9se <b>6.375.090,- Ft<br \/>\n<\/b>\u00f6sszeg\u0171 t\u00e1mogat\u00e1st nyert el!<\/p>\n<p>A t\u00e1mogat\u00e1s intenzit\u00e1sa: <b>50%<\/b><\/p>\n<p><b>Az Eur\u00f3pai Region\u00e1lis Fejleszt\u00e9si Alap \u00e9s a Magyar \u00c1llam a Smith Medical Kft. beruh\u00e1z\u00e1s\u00e1hoz ny\u00fajtott t\u00e1mogat\u00e1s\u00e1nak \u00f6sszege: 6.375.090,- Ft<\/b><\/p>\n<p><b>A projekt le\u00edr\u00e1sa:<\/b><\/p>\n<p>A Smith Medical Kft. 2010. j\u00fanius\u00e1ban alakult v\u00e1llalkoz\u00e1s. F\u0151 profilja Orvosi eszk\u00f6z gy\u00e1rt\u00e1sa, f\u00e9mmegmunk\u00e1l\u00e1s.<\/p>\n<p>A folyamatos fejl\u0151d\u00e9st szem el\u0151tt tartva c\u00e9lunk a jelenlegi eszk\u00f6zparkunk technol\u00f3giai korszer\u0171s\u00edt\u00e9se \u00e9s m\u0171k\u00f6dtet\u00e9se. A projekt keret\u00e9ben \u00faj technol\u00f3gia beszerz\u00e9s\u00e9re \u00e9s alkalmaz\u00e1s\u00e1ra ny\u00edlt lehet\u0151s\u00e9g\u00fcnk, amellyel term\u00e9kpalett\u00e1nk b\u0151v\u00edt\u00e9s\u00e9t \u00e9s \u00faj t\u00edpus\u00fa term\u00e9kek gy\u00e1rt\u00e1s\u00e1t tudjuk megkezdeni.<\/p>\n<p>A jelen p\u00e1ly\u00e1zati konstrukci\u00f3 keret\u00e9ben 1 db ENX-320 CNC eszterga beszerz\u00e9se \u00e9s \u00fczembe helyez\u00e9se val\u00f3sult meg fels\u0151t\u00e1rk\u00e1nyi telephely\u00fcnk\u00f6n.<\/p>\n<p>A fejleszt\u00e9s sikeresen befejez\u0151d\u00f6tt, amely teljes m\u00e9rt\u00e9kben visszaigazolta a tervadatok megval\u00f3s\u00edthat\u00f3s\u00e1g\u00e1t. Az \u00fczembe \u00e1ll\u00edtott \u00faj eszk\u00f6z\u00f6k hat\u00e9konys\u00e1ga min\u0151s\u00e9gben \u00e9s a gy\u00e1rt\u00e1si kapacit\u00e1s n\u00f6veked\u00e9s\u00e9ben is m\u00e9rhet\u0151. Ez a min\u0151s\u00e9g biztos\u00edtja a c\u00e9g piack\u00e9pess\u00e9g\u00e9t, k\u00f6lts\u00e9ghat\u00e9kony m\u0171k\u00f6d\u00e9s\u00e9t \u00e9s versenyk\u00e9pess\u00e9g\u00e9t is garant\u00e1lja.<\/p>\n<p>A projekt fizikai befejez\u00e9s\u00e9nek d\u00e1tuma: 2018.06.22<\/p>\n<p><a href=\"http:\/\/www.szechenyi2020.hu\/\">http:\/\/www.szechenyi2020.hu\/<\/a><\/p>\n<\/div><\/section><\/p><\/div>\n<style type=\"text\/css\" data-created_by=\"avia_inline_auto\" id=\"style-css-av-gv2z-9c1718b174752723fe5c36d28281964f\">\n.flex_column.av-gv2z-9c1718b174752723fe5c36d28281964f{\nborder-radius:0px 0px 0px 0px;\npadding:0px 0px 0px 0px;\n}\n<\/style>\n<div  class='flex_column av-gv2z-9c1718b174752723fe5c36d28281964f av_one_half  avia-builder-el-4  el_after_av_one_half  el_before_av_section  avia-builder-el-last  flex_column_div av-zero-column-padding  '     ><section  class='av_textblock_section av-d31r-fa0763631af5fb5a3a3a2f862cd775aa '   itemscope=\"itemscope\" itemtype=\"https:\/\/schema.org\/CreativeWork\" ><div class='avia_textblock'  itemprop=\"text\" ><p><b>\u00a0<\/b><b>A Sz\u00e9chenyi 2020 Gazdas\u00e1gfejleszt\u00e9si \u00e9s Innov\u00e1ci\u00f3s Operat\u00edv Program t\u00e1mogat\u00e1si rendszer\u00e9hez beny\u00fajtott:<\/b><\/p>\n<p><b>&#8222;Eszk\u00f6zbeszerz\u00e9s a Smith Medical Kft-n\u00e9l. &#8222;<br \/>\n<\/b>(3324 Fels\u0151t\u00e1rk\u00e1ny, Liget utca 8.)<\/p>\n<p><b>GINOP-1.2.2-16-2017-01056 jel\u0171 p\u00e1ly\u00e1zat\u00a0<\/b>a\u00a0<b>T\u00e1mogat\u00f3\u00a0<\/b>d\u00f6nt\u00e9se <b>11.400.000,- Ft\u00a0<\/b>\u00f6sszeg\u0171 t\u00e1mogat\u00e1st nyert el!<\/p>\n<p>A t\u00e1mogat\u00e1s intenzit\u00e1sa: <b>50%<\/b><\/p>\n<p><b>Az Eur\u00f3pai Region\u00e1lis Fejleszt\u00e9si Alap \u00e9s a Magyar \u00c1llam a Smith Medical Kft. beruh\u00e1z\u00e1s\u00e1hoz ny\u00fajtott t\u00e1mogat\u00e1s\u00e1nak \u00f6sszege: 11.400.000,- Ft<\/b><\/p>\n<p><b>A projekt le\u00edr\u00e1sa:<\/b><\/p>\n<p>A Smith Medical Kft. 2010. j\u00fanius\u00e1ban alakult v\u00e1llalkoz\u00e1s. F\u0151 profilja Orvosi eszk\u00f6z gy\u00e1rt\u00e1sa, f\u00e9mmegmunk\u00e1l\u00e1s.<\/p>\n<p>A folyamatos fejl\u0151d\u00e9st szem el\u0151tt tartva c\u00e9lunk a jelenlegi eszk\u00f6zparkunk technol\u00f3giai korszer\u0171s\u00edt\u00e9se \u00e9s m\u0171k\u00f6dtet\u00e9se. A projekt keret\u00e9ben olyan \u00faj technol\u00f3gia bevezet\u00e9s\u00e9re ny\u00edlt lehet\u0151s\u00e9g\u00fcnk, amely a jelenlegi term\u00e9keink darabsz\u00e1m\u00e1t \u00e9s technol\u00f3gi\u00e1j\u00e1t fejleszti.<\/p>\n<p>A jelen p\u00e1ly\u00e1zati konstrukci\u00f3 keret\u00e9ben 1 db Akira Seiki Performa SR3 XP CNC F\u00fcgg\u0151leges megmunk\u00e1l\u00f3 k\u00f6zpont, valamint 1 db CPM 7.5\/10 DX 270L \u00c9ksz\u00edjhajt\u00e1s\u00fa csavarkompresszor beszerz\u00e9se \u00e9s \u00fczembe helyez\u00e9se val\u00f3sult meg fels\u0151t\u00e1rk\u00e1nyi telephely\u00fcnk\u00f6n.<\/p>\n<p>A fejleszt\u00e9s sikeresen befejez\u0151d\u00f6tt, amely teljes m\u00e9rt\u00e9kben visszaigazolta a tervadatok megval\u00f3s\u00edthat\u00f3s\u00e1g\u00e1t. Az \u00fczembe \u00e1ll\u00edtott \u00faj eszk\u00f6z\u00f6k hat\u00e9konys\u00e1ga min\u0151s\u00e9gben \u00e9s a gy\u00e1rt\u00e1si kapacit\u00e1s n\u00f6veked\u00e9s\u00e9ben is m\u00e9rhet\u0151. Ez a min\u0151s\u00e9g biztos\u00edtja a c\u00e9g piack\u00e9pess\u00e9g\u00e9t, k\u00f6lts\u00e9ghat\u00e9kony m\u0171k\u00f6d\u00e9s\u00e9t \u00e9s versenyk\u00e9pess\u00e9g\u00e9t is garant\u00e1lja.<\/p>\n<p>A projekt fizikai befejez\u00e9s\u00e9nek d\u00e1tuma: 2017.12.19<\/p>\n<p><a href=\"http:\/\/www.szechenyi2020.hu\/\">http:\/\/www.szechenyi2020.hu\/<\/a><\/p>\n<\/div><\/section><\/div><\/div><\/div><\/div><!-- close content main div --><\/div><\/div>\n<style type=\"text\/css\" data-created_by=\"avia_inline_auto\" id=\"style-css-av-7n95-2eaf6d9f07a9e0b8a1a86d0c50bff7f2\">\n.avia-section.av-7n95-2eaf6d9f07a9e0b8a1a86d0c50bff7f2 .av-parallax .av-parallax-inner{\nbackground-color:#b02b2c;\nbackground-image:url(https:\/\/smithmedical.hu\/wp-content\/uploads\/2015\/05\/mini-DSC_04081-300x196.jpg);\nbackground-repeat:no-repeat;\nbackground-position:0% 0%;\nbackground-attachment:scroll;\n}\n<\/style>\n<div id='av_section_1'  class='avia-section av-7n95-2eaf6d9f07a9e0b8a1a86d0c50bff7f2 socket_color avia-section-large avia-no-shadow  avia-builder-el-6  el_after_av_one_half  avia-builder-el-last  avia-full-stretch av-parallax-section avia-bg-style-parallax av-minimum-height av-minimum-height-25 av-height-25  container_wrap sidebar_right'  data-section-bg-repeat='stretch' data-av_minimum_height_pc='25' data-av_min_height_opt='25'><div class='av-parallax' data-avia-parallax-ratio='0.3' ><div class='av-parallax-inner socket_color avia-full-stretch'><\/div><\/div><div class='container av-section-cont-open' ><div class='template-page content  av-content-small alpha units'><div class='post-entry post-entry-type-page post-entry-9'><div class='entry-content-wrapper clearfix'>\n\n<style type=\"text\/css\" data-created_by=\"avia_inline_auto\" id=\"style-css-av-60z3-0a31a65ec06e347c88c323652aa91b9f\">\n#top .av_textblock_section.av-60z3-0a31a65ec06e347c88c323652aa91b9f .avia_textblock{\ncolor:#000000;\n}\n<\/style>\n<section  class='av_textblock_section av-60z3-0a31a65ec06e347c88c323652aa91b9f '   itemscope=\"itemscope\" itemtype=\"https:\/\/schema.org\/CreativeWork\" ><div class='avia_textblock av_inherit_color'  itemprop=\"text\" ><p>A\u00a0<b>Smith Medical Kft.\u00a0<\/b>2010-ben alakult. Alap\u00edt\u00f3ja Kov\u00e1cs J\u00f3zsef \u00fcgyvezet\u0151 igazgat\u00f3, aki\u00a0 v\u00e1llalkoz\u00e1s\u00e1nak beind\u00edt\u00e1s\u00e1val sz\u00e1mos \u00faj munkahely megteremt\u00e9s\u00e9nek adott lehet\u0151s\u00e9get.\u00a0 A t\u00e1rsas\u00e1g f\u0151 tev\u00e9kenys\u00e9gi k\u00f6re orvosi m\u0171szerek gy\u00e1rt\u00e1sa, melyek kiv\u00e1l\u00f3 min\u0151s\u00e9gben t\u00f6rt\u00e9n\u0151 el\u0151\u00e1ll\u00edt\u00e1s\u00e1t modern g\u00e9pek, korszer\u0171 m\u0171szaki berendez\u00e9sek, \u00e9s tapasztalt szakember g\u00e1rda biztos\u00edtja.<\/p>\n<p>A Smith Medical Orvosi Eszk\u00f6z\u00f6ket \u00e9s Implant\u00e1tumokat Gy\u00e1rt\u00f3 \u00e9s Forgalmaz\u00f3 Kereskedelmi Kft.\u00a0<b>ISO 9001:2015<\/b> szabv\u00e1ny szerinti min\u0151s\u00e9gir\u00e1ny\u00edt\u00e1si rendszert vezetett be, kit\u00fcntetett figyelmet ford\u00edtva arra, hogy bels\u0151 folyamatainak \u00e9s m\u0171k\u00f6d\u00e9s\u00e9nek szab\u00e1lyoz\u00e1s\u00e1val a megl\u00e9v\u0151 piacokat megtartva, el\u00e9gedett \u00fcgyfeleinek sz\u00e1m\u00e1t tov\u00e1bb gyarap\u00edtsa.<\/p>\n<\/div><\/section>\n<div  class='flex_column av-2mxh-1ee73b657bd744f570664c4c7cf2d876 av_one_half  avia-builder-el-8  el_after_av_textblock  avia-builder-el-last  first flex_column_div  column-top-margin'     ><\/div><\/div><\/div><\/div><!-- close content main div --><\/div><\/div><div id='after_section_1'  class='main_color av_default_container_wrap container_wrap sidebar_right'  ><div class='container av-section-cont-open' ><div class='template-page content  av-content-small alpha units'><div class='post-entry post-entry-type-page post-entry-9'><div class='entry-content-wrapper clearfix'><\/p>\n","protected":false},"excerpt":{"rendered":"","protected":false},"author":1,"featured_media":0,"parent":0,"menu_order":0,"comment_status":"open","ping_status":"open","template":"","meta":{"footnotes":""},"class_list":["post-9","page","type-page","status-publish","hentry"],"_links":{"self":[{"href":"https:\/\/smithmedical.hu\/index.php?rest_route=\/wp\/v2\/pages\/9","targetHints":{"allow":["GET"]}}],"collection":[{"href":"https:\/\/smithmedical.hu\/index.php?rest_route=\/wp\/v2\/pages"}],"about":[{"href":"https:\/\/smithmedical.hu\/index.php?rest_route=\/wp\/v2\/types\/page"}],"author":[{"embeddable":true,"href":"https:\/\/smithmedical.hu\/index.php?rest_route=\/wp\/v2\/users\/1"}],"replies":[{"embeddable":true,"href":"https:\/\/smithmedical.hu\/index.php?rest_route=%2Fwp%2Fv2%2Fcomments&post=9"}],"version-history":[{"count":57,"href":"https:\/\/smithmedical.hu\/index.php?rest_route=\/wp\/v2\/pages\/9\/revisions"}],"predecessor-version":[{"id":1205,"href":"https:\/\/smithmedical.hu\/index.php?rest_route=\/wp\/v2\/pages\/9\/revisions\/1205"}],"wp:attachment":[{"href":"https:\/\/smithmedical.hu\/index.php?rest_route=%2Fwp%2Fv2%2Fmedia&parent=9"}],"curies":[{"name":"wp","href":"https:\/\/api.w.org\/{rel}","templated":true}]}}